{"id":7508,"date":"2020-08-22T07:49:30","date_gmt":"2020-08-22T07:49:30","guid":{"rendered":"https:\/\/thecarbonx.com\/gracias\/"},"modified":"2025-04-04T14:43:08","modified_gmt":"2025-04-04T14:43:08","slug":"gracias","status":"publish","type":"page","link":"https:\/\/thecarbonx.com\/es\/gracias\/","title":{"rendered":"Gracias"},"content":{"rendered":"\t\t<div data-elementor-type=\"wp-page\" data-elementor-id=\"7508\" class=\"elementor elementor-7508 elementor-67\" data-elementor-post-type=\"page\">\n\t\t\t\t<div class=\"elementor-element elementor-element-cbd9783 e-flex e-con-boxed e-con e-parent\" data-id=\"cbd9783\" data-element_type=\"container\">\n\t\t\t\t\t<div class=\"e-con-inner\">\n\t\t<div class=\"elementor-element elementor-element-5e86f1d e-con-full e-flex e-con e-child\" data-id=\"5e86f1d\" data-element_type=\"container\">\n\t\t<div class=\"elementor-element elementor-element-6597f9e e-con-full e-grid e-con e-child\" data-id=\"6597f9e\" data-element_type=\"container\">\n\t\t\t\t<div class=\"elementor-element elementor-element-c3e193f elementor-view-stacked elementor-shape-circle elementor-position-top elementor-mobile-position-top elementor-widget elementor-widget-icon-box\" data-id=\"c3e193f\" data-element_type=\"widget\" data-widget_type=\"icon-box.default\">\n\t\t\t\t<div class=\"elementor-widget-container\">\n\t\t\t\t\t\t\t<div class=\"elementor-icon-box-wrapper\">\n\n\t\t\t\t\t\t<div class=\"elementor-icon-box-icon\">\n\t\t\t\t<span  class=\"elementor-icon\">\n\t\t\t\t<i aria-hidden=\"true\" class=\"fal fa-map-marker-alt\"><\/i>\t\t\t\t<\/span>\n\t\t\t<\/div>\n\t\t\t\n\t\t\t\t\t\t<div class=\"elementor-icon-box-content\">\n\n\t\t\t\t\t\t\t\t\t<span class=\"elementor-icon-box-title\">\n\t\t\t\t\t\t<span  >\n\t\t\t\t\t\t\tVis\u00edtanos\t\t\t\t\t\t<\/span>\n\t\t\t\t\t<\/span>\n\t\t\t\t\n\t\t\t\t\t\t\t\t\t<p class=\"elementor-icon-box-description\">\n\t\t\t\t\t\t15 W 47th St #1303A, New York, NY 10036\t\t\t\t\t<\/p>\n\t\t\t\t\n\t\t\t<\/div>\n\t\t\t\n\t\t<\/div>\n\t\t\t\t\t\t<\/div>\n\t\t\t\t<\/div>\n\t\t\t\t<div class=\"elementor-element elementor-element-111af16 elementor-view-stacked elementor-shape-circle elementor-position-top elementor-mobile-position-top elementor-widget elementor-widget-icon-box\" data-id=\"111af16\" data-element_type=\"widget\" data-widget_type=\"icon-box.default\">\n\t\t\t\t<div class=\"elementor-widget-container\">\n\t\t\t\t\t\t\t<div class=\"elementor-icon-box-wrapper\">\n\n\t\t\t\t\t\t<div class=\"elementor-icon-box-icon\">\n\t\t\t\t<span  class=\"elementor-icon\">\n\t\t\t\t<i aria-hidden=\"true\" class=\"fal fa-envelope\"><\/i>\t\t\t\t<\/span>\n\t\t\t<\/div>\n\t\t\t\n\t\t\t\t\t\t<div class=\"elementor-icon-box-content\">\n\n\t\t\t\t\t\t\t\t\t<span class=\"elementor-icon-box-title\">\n\t\t\t\t\t\t<span  >\n\t\t\t\t\t\t\tEnv\u00edanos un correo electr\u00f3nico\t\t\t\t\t\t<\/span>\n\t\t\t\t\t<\/span>\n\t\t\t\t\n\t\t\t\t\t\t\t\t\t<p class=\"elementor-icon-box-description\">\n\t\t\t\t\t\tinfo@thecarbonx.com\t\t\t\t\t<\/p>\n\t\t\t\t\n\t\t\t<\/div>\n\t\t\t\n\t\t<\/div>\n\t\t\t\t\t\t<\/div>\n\t\t\t\t<\/div>\n\t\t\t\t<div class=\"elementor-element elementor-element-fb57e25 elementor-view-stacked elementor-shape-circle elementor-position-top elementor-mobile-position-top elementor-widget elementor-widget-icon-box\" data-id=\"fb57e25\" data-element_type=\"widget\" data-widget_type=\"icon-box.default\">\n\t\t\t\t<div class=\"elementor-widget-container\">\n\t\t\t\t\t\t\t<div class=\"elementor-icon-box-wrapper\">\n\n\t\t\t\t\t\t<div class=\"elementor-icon-box-icon\">\n\t\t\t\t<span  class=\"elementor-icon\">\n\t\t\t\t<i aria-hidden=\"true\" class=\"fal fa-phone\"><\/i>\t\t\t\t<\/span>\n\t\t\t<\/div>\n\t\t\t\n\t\t\t\t\t\t<div class=\"elementor-icon-box-content\">\n\n\t\t\t\t\t\t\t\t\t<span class=\"elementor-icon-box-title\">\n\t\t\t\t\t\t<span  >\n\t\t\t\t\t\t\tLl\u00e1manos\t\t\t\t\t\t<\/span>\n\t\t\t\t\t<\/span>\n\t\t\t\t\n\t\t\t\t\t\t\t\t\t<p class=\"elementor-icon-box-description\">\n\t\t\t\t\t\t212-875-5555\t\t\t\t\t<\/p>\n\t\t\t\t\n\t\t\t<\/div>\n\t\t\t\n\t\t<\/div>\n\t\t\t\t\t\t<\/div>\n\t\t\t\t<\/div>\n\t\t\t\t<\/div>\n\t\t\t\t<\/div>\n\t\t\t\t\t<\/div>\n\t\t\t\t<\/div>\n\t\t\t\t<\/div>\n\t\t","protected":false},"excerpt":{"rendered":"<p>Vis\u00edtanos Env\u00edanos un correo electr\u00f3nico Ll\u00e1manos<\/p>\n","protected":false},"author":1,"featured_media":6880,"parent":0,"menu_order":0,"comment_status":"closed","ping_status":"closed","template":"","meta":{"footnotes":"","_links_to":"","_links_to_target":""},"class_list":["post-7508","page","type-page","status-publish","has-post-thumbnail","hentry"],"yoast_head":"<!-- This site is optimized with the Yoast SEO plugin v26.5 - https:\/\/yoast.com\/wordpress\/plugins\/seo\/ -->\n<title>Gracias - Carbon X -The best cleaning solution for commercial kitchens<\/title>\n<meta name=\"robots\" content=\"index, follow, max-snippet:-1, max-image-preview:large, max-video-preview:-1\" \/>\n<link rel=\"canonical\" href=\"https:\/\/thecarbonx.com\/es\/gracias\/\" \/>\n<meta property=\"og:locale\" content=\"es_ES\" \/>\n<meta property=\"og:type\" content=\"article\" \/>\n<meta property=\"og:title\" content=\"Gracias - Carbon X -The best cleaning solution for commercial kitchens\" \/>\n<meta property=\"og:description\" content=\"Vis\u00edtanos Env\u00edanos un correo electr\u00f3nico Ll\u00e1manos\" \/>\n<meta property=\"og:url\" content=\"https:\/\/thecarbonx.com\/es\/gracias\/\" \/>\n<meta property=\"og:site_name\" content=\"Carbon X -The best cleaning solution for commercial kitchens\" \/>\n<meta property=\"article:modified_time\" content=\"2025-04-04T14:43:08+00:00\" \/>\n<meta property=\"og:image\" content=\"https:\/\/thecarbonx.com\/wp-content\/uploads\/2025\/03\/hero2.jpg\" \/>\n\t<meta property=\"og:image:width\" content=\"2000\" \/>\n\t<meta property=\"og:image:height\" content=\"1205\" \/>\n\t<meta property=\"og:image:type\" content=\"image\/jpeg\" \/>\n<meta name=\"twitter:card\" content=\"summary_large_image\" \/>\n<script type=\"application\/ld+json\" class=\"yoast-schema-graph\">{\"@context\":\"https:\/\/schema.org\",\"@graph\":[{\"@type\":\"WebPage\",\"@id\":\"https:\/\/thecarbonx.com\/es\/gracias\/\",\"url\":\"https:\/\/thecarbonx.com\/es\/gracias\/\",\"name\":\"Gracias - Carbon X -The best cleaning solution for commercial kitchens\",\"isPartOf\":{\"@id\":\"https:\/\/thecarbonx.com\/es\/#website\"},\"primaryImageOfPage\":{\"@id\":\"https:\/\/thecarbonx.com\/es\/gracias\/#primaryimage\"},\"image\":{\"@id\":\"https:\/\/thecarbonx.com\/es\/gracias\/#primaryimage\"},\"thumbnailUrl\":\"https:\/\/thecarbonx.com\/wp-content\/uploads\/2025\/03\/hero2.jpg\",\"datePublished\":\"2020-08-22T07:49:30+00:00\",\"dateModified\":\"2025-04-04T14:43:08+00:00\",\"breadcrumb\":{\"@id\":\"https:\/\/thecarbonx.com\/es\/gracias\/#breadcrumb\"},\"inLanguage\":\"es\",\"potentialAction\":[{\"@type\":\"ReadAction\",\"target\":[\"https:\/\/thecarbonx.com\/es\/gracias\/\"]}]},{\"@type\":\"ImageObject\",\"inLanguage\":\"es\",\"@id\":\"https:\/\/thecarbonx.com\/es\/gracias\/#primaryimage\",\"url\":\"https:\/\/thecarbonx.com\/wp-content\/uploads\/2025\/03\/hero2.jpg\",\"contentUrl\":\"https:\/\/thecarbonx.com\/wp-content\/uploads\/2025\/03\/hero2.jpg\",\"width\":2000,\"height\":1205},{\"@type\":\"BreadcrumbList\",\"@id\":\"https:\/\/thecarbonx.com\/es\/gracias\/#breadcrumb\",\"itemListElement\":[{\"@type\":\"ListItem\",\"position\":1,\"name\":\"Home\",\"item\":\"https:\/\/thecarbonx.com\/es\/inicio\/\"},{\"@type\":\"ListItem\",\"position\":2,\"name\":\"Gracias\"}]},{\"@type\":\"WebSite\",\"@id\":\"https:\/\/thecarbonx.com\/es\/#website\",\"url\":\"https:\/\/thecarbonx.com\/es\/\",\"name\":\"Carbon X -The best cleaning solution for commercial kitchens\",\"description\":\"Carbon X\",\"publisher\":{\"@id\":\"https:\/\/thecarbonx.com\/es\/#organization\"},\"potentialAction\":[{\"@type\":\"SearchAction\",\"target\":{\"@type\":\"EntryPoint\",\"urlTemplate\":\"https:\/\/thecarbonx.com\/es\/?s={search_term_string}\"},\"query-input\":{\"@type\":\"PropertyValueSpecification\",\"valueRequired\":true,\"valueName\":\"search_term_string\"}}],\"inLanguage\":\"es\"},{\"@type\":\"Organization\",\"@id\":\"https:\/\/thecarbonx.com\/es\/#organization\",\"name\":\"Carbon X -The best cleaning solution for commercial kitchens\",\"url\":\"https:\/\/thecarbonx.com\/es\/\",\"logo\":{\"@type\":\"ImageObject\",\"inLanguage\":\"es\",\"@id\":\"https:\/\/thecarbonx.com\/es\/#\/schema\/logo\/image\/\",\"url\":\"https:\/\/thecarbonx.com\/wp-content\/uploads\/2025\/01\/logoneww-1.png\",\"contentUrl\":\"https:\/\/thecarbonx.com\/wp-content\/uploads\/2025\/01\/logoneww-1.png\",\"width\":220,\"height\":160,\"caption\":\"Carbon X -The best cleaning solution for commercial kitchens\"},\"image\":{\"@id\":\"https:\/\/thecarbonx.com\/es\/#\/schema\/logo\/image\/\"}}]}<\/script>\n<!-- \/ Yoast SEO plugin. -->","yoast_head_json":{"title":"Gracias - Carbon X -The best cleaning solution for commercial kitchens","robots":{"index":"index","follow":"follow","max-snippet":"max-snippet:-1","max-image-preview":"max-image-preview:large","max-video-preview":"max-video-preview:-1"},"canonical":"https:\/\/thecarbonx.com\/es\/gracias\/","og_locale":"es_ES","og_type":"article","og_title":"Gracias - Carbon X -The best cleaning solution for commercial kitchens","og_description":"Vis\u00edtanos Env\u00edanos un correo electr\u00f3nico Ll\u00e1manos","og_url":"https:\/\/thecarbonx.com\/es\/gracias\/","og_site_name":"Carbon X -The best cleaning solution for commercial kitchens","article_modified_time":"2025-04-04T14:43:08+00:00","og_image":[{"width":2000,"height":1205,"url":"https:\/\/thecarbonx.com\/wp-content\/uploads\/2025\/03\/hero2.jpg","type":"image\/jpeg"}],"twitter_card":"summary_large_image","schema":{"@context":"https:\/\/schema.org","@graph":[{"@type":"WebPage","@id":"https:\/\/thecarbonx.com\/es\/gracias\/","url":"https:\/\/thecarbonx.com\/es\/gracias\/","name":"Gracias - Carbon X -The best cleaning solution for commercial kitchens","isPartOf":{"@id":"https:\/\/thecarbonx.com\/es\/#website"},"primaryImageOfPage":{"@id":"https:\/\/thecarbonx.com\/es\/gracias\/#primaryimage"},"image":{"@id":"https:\/\/thecarbonx.com\/es\/gracias\/#primaryimage"},"thumbnailUrl":"https:\/\/thecarbonx.com\/wp-content\/uploads\/2025\/03\/hero2.jpg","datePublished":"2020-08-22T07:49:30+00:00","dateModified":"2025-04-04T14:43:08+00:00","breadcrumb":{"@id":"https:\/\/thecarbonx.com\/es\/gracias\/#breadcrumb"},"inLanguage":"es","potentialAction":[{"@type":"ReadAction","target":["https:\/\/thecarbonx.com\/es\/gracias\/"]}]},{"@type":"ImageObject","inLanguage":"es","@id":"https:\/\/thecarbonx.com\/es\/gracias\/#primaryimage","url":"https:\/\/thecarbonx.com\/wp-content\/uploads\/2025\/03\/hero2.jpg","contentUrl":"https:\/\/thecarbonx.com\/wp-content\/uploads\/2025\/03\/hero2.jpg","width":2000,"height":1205},{"@type":"BreadcrumbList","@id":"https:\/\/thecarbonx.com\/es\/gracias\/#breadcrumb","itemListElement":[{"@type":"ListItem","position":1,"name":"Home","item":"https:\/\/thecarbonx.com\/es\/inicio\/"},{"@type":"ListItem","position":2,"name":"Gracias"}]},{"@type":"WebSite","@id":"https:\/\/thecarbonx.com\/es\/#website","url":"https:\/\/thecarbonx.com\/es\/","name":"Carbon X -The best cleaning solution for commercial kitchens","description":"Carbon X","publisher":{"@id":"https:\/\/thecarbonx.com\/es\/#organization"},"potentialAction":[{"@type":"SearchAction","target":{"@type":"EntryPoint","urlTemplate":"https:\/\/thecarbonx.com\/es\/?s={search_term_string}"},"query-input":{"@type":"PropertyValueSpecification","valueRequired":true,"valueName":"search_term_string"}}],"inLanguage":"es"},{"@type":"Organization","@id":"https:\/\/thecarbonx.com\/es\/#organization","name":"Carbon X -The best cleaning solution for commercial kitchens","url":"https:\/\/thecarbonx.com\/es\/","logo":{"@type":"ImageObject","inLanguage":"es","@id":"https:\/\/thecarbonx.com\/es\/#\/schema\/logo\/image\/","url":"https:\/\/thecarbonx.com\/wp-content\/uploads\/2025\/01\/logoneww-1.png","contentUrl":"https:\/\/thecarbonx.com\/wp-content\/uploads\/2025\/01\/logoneww-1.png","width":220,"height":160,"caption":"Carbon X -The best cleaning solution for commercial kitchens"},"image":{"@id":"https:\/\/thecarbonx.com\/es\/#\/schema\/logo\/image\/"}}]}},"_links":{"self":[{"href":"https:\/\/thecarbonx.com\/es\/wp-json\/wp\/v2\/pages\/7508","targetHints":{"allow":["GET"]}}],"collection":[{"href":"https:\/\/thecarbonx.com\/es\/wp-json\/wp\/v2\/pages"}],"about":[{"href":"https:\/\/thecarbonx.com\/es\/wp-json\/wp\/v2\/types\/page"}],"author":[{"embeddable":true,"href":"https:\/\/thecarbonx.com\/es\/wp-json\/wp\/v2\/users\/1"}],"replies":[{"embeddable":true,"href":"https:\/\/thecarbonx.com\/es\/wp-json\/wp\/v2\/comments?post=7508"}],"version-history":[{"count":1,"href":"https:\/\/thecarbonx.com\/es\/wp-json\/wp\/v2\/pages\/7508\/revisions"}],"predecessor-version":[{"id":7509,"href":"https:\/\/thecarbonx.com\/es\/wp-json\/wp\/v2\/pages\/7508\/revisions\/7509"}],"wp:featuredmedia":[{"embeddable":true,"href":"https:\/\/thecarbonx.com\/es\/wp-json\/wp\/v2\/media\/6880"}],"wp:attachment":[{"href":"https:\/\/thecarbonx.com\/es\/wp-json\/wp\/v2\/media?parent=7508"}],"curies":[{"name":"wp","href":"https:\/\/api.w.org\/{rel}","templated":true}]}}