{"id":7478,"date":"2020-08-22T07:48:51","date_gmt":"2020-08-22T07:48:51","guid":{"rendered":"https:\/\/thecarbonx.com\/contacta-con-nosotros\/"},"modified":"2025-04-07T11:07:07","modified_gmt":"2025-04-07T11:07:07","slug":"contacta-con-nosotros","status":"publish","type":"page","link":"https:\/\/thecarbonx.com\/es\/contacta-con-nosotros\/","title":{"rendered":"Contacta con nosotros"},"content":{"rendered":"\t\t<div data-elementor-type=\"wp-page\" data-elementor-id=\"7478\" class=\"elementor elementor-7478 elementor-63\" data-elementor-post-type=\"page\">\n\t\t\t\t<div class=\"elementor-element elementor-element-70d326ba e-flex e-con-boxed e-con e-parent\" data-id=\"70d326ba\" data-element_type=\"container\">\n\t\t\t\t\t<div class=\"e-con-inner\">\n\t\t<div class=\"elementor-element elementor-element-39f1a2a1 e-con-full e-flex e-con e-child\" data-id=\"39f1a2a1\" data-element_type=\"container\">\n\t\t<div class=\"elementor-element elementor-element-7ed88fb7 e-con-full e-grid e-con e-child\" data-id=\"7ed88fb7\" data-element_type=\"container\">\n\t\t\t\t<div class=\"elementor-element elementor-element-47da2f53 elementor-view-stacked elementor-shape-circle elementor-position-top elementor-mobile-position-top elementor-widget elementor-widget-icon-box\" data-id=\"47da2f53\" data-element_type=\"widget\" data-widget_type=\"icon-box.default\">\n\t\t\t\t<div class=\"elementor-widget-container\">\n\t\t\t\t\t\t\t<div class=\"elementor-icon-box-wrapper\">\n\n\t\t\t\t\t\t<div class=\"elementor-icon-box-icon\">\n\t\t\t\t<span  class=\"elementor-icon\">\n\t\t\t\t<i aria-hidden=\"true\" class=\"fal fa-map-marker-alt\"><\/i>\t\t\t\t<\/span>\n\t\t\t<\/div>\n\t\t\t\n\t\t\t\t\t\t<div class=\"elementor-icon-box-content\">\n\n\t\t\t\t\t\t\t\t\t<span class=\"elementor-icon-box-title\">\n\t\t\t\t\t\t<span  >\n\t\t\t\t\t\t\tVis\u00edtanos\t\t\t\t\t\t<\/span>\n\t\t\t\t\t<\/span>\n\t\t\t\t\n\t\t\t\t\t\t\t\t\t<p class=\"elementor-icon-box-description\">\n\t\t\t\t\t\t15 W 47th St #1303A, New York, NY 10036\t\t\t\t\t<\/p>\n\t\t\t\t\n\t\t\t<\/div>\n\t\t\t\n\t\t<\/div>\n\t\t\t\t\t\t<\/div>\n\t\t\t\t<\/div>\n\t\t\t\t<div class=\"elementor-element elementor-element-794f3c27 elementor-view-stacked elementor-shape-circle elementor-position-top elementor-mobile-position-top elementor-widget elementor-widget-icon-box\" data-id=\"794f3c27\" data-element_type=\"widget\" data-widget_type=\"icon-box.default\">\n\t\t\t\t<div class=\"elementor-widget-container\">\n\t\t\t\t\t\t\t<div class=\"elementor-icon-box-wrapper\">\n\n\t\t\t\t\t\t<div class=\"elementor-icon-box-icon\">\n\t\t\t\t<span  class=\"elementor-icon\">\n\t\t\t\t<i aria-hidden=\"true\" class=\"fal fa-envelope\"><\/i>\t\t\t\t<\/span>\n\t\t\t<\/div>\n\t\t\t\n\t\t\t\t\t\t<div class=\"elementor-icon-box-content\">\n\n\t\t\t\t\t\t\t\t\t<span class=\"elementor-icon-box-title\">\n\t\t\t\t\t\t<span  >\n\t\t\t\t\t\t\tEnv\u00edanos un correo electr\u00f3nico\t\t\t\t\t\t<\/span>\n\t\t\t\t\t<\/span>\n\t\t\t\t\n\t\t\t\t\t\t\t\t\t<p class=\"elementor-icon-box-description\">\n\t\t\t\t\t\tinfo@thecarbonx.com\t\t\t\t\t<\/p>\n\t\t\t\t\n\t\t\t<\/div>\n\t\t\t\n\t\t<\/div>\n\t\t\t\t\t\t<\/div>\n\t\t\t\t<\/div>\n\t\t\t\t<div class=\"elementor-element elementor-element-7d0a9e78 elementor-view-stacked elementor-shape-circle elementor-position-top elementor-mobile-position-top elementor-widget elementor-widget-icon-box\" data-id=\"7d0a9e78\" data-element_type=\"widget\" data-widget_type=\"icon-box.default\">\n\t\t\t\t<div class=\"elementor-widget-container\">\n\t\t\t\t\t\t\t<div class=\"elementor-icon-box-wrapper\">\n\n\t\t\t\t\t\t<div class=\"elementor-icon-box-icon\">\n\t\t\t\t<span  class=\"elementor-icon\">\n\t\t\t\t<i aria-hidden=\"true\" class=\"fal fa-phone\"><\/i>\t\t\t\t<\/span>\n\t\t\t<\/div>\n\t\t\t\n\t\t\t\t\t\t<div class=\"elementor-icon-box-content\">\n\n\t\t\t\t\t\t\t\t\t<span class=\"elementor-icon-box-title\">\n\t\t\t\t\t\t<span  >\n\t\t\t\t\t\t\tLl\u00e1manos\t\t\t\t\t\t<\/span>\n\t\t\t\t\t<\/span>\n\t\t\t\t\n\t\t\t\t\t\t\t\t\t<p class=\"elementor-icon-box-description\">\n\t\t\t\t\t\t212-875-5555\t\t\t\t\t<\/p>\n\t\t\t\t\n\t\t\t<\/div>\n\t\t\t\n\t\t<\/div>\n\t\t\t\t\t\t<\/div>\n\t\t\t\t<\/div>\n\t\t\t\t<\/div>\n\t\t\t\t<div class=\"elementor-element elementor-element-1e03937 elementor-widget-divider--view-line_icon elementor-view-default elementor-widget-divider--element-align-center elementor-widget elementor-widget-divider\" data-id=\"1e03937\" data-element_type=\"widget\" data-widget_type=\"divider.default\">\n\t\t\t\t<div class=\"elementor-widget-container\">\n\t\t\t\t\t\t\t<div class=\"elementor-divider\">\n\t\t\t<span class=\"elementor-divider-separator\">\n\t\t\t\t\t\t\t<div class=\"elementor-icon elementor-divider__element\">\n\t\t\t\t\t<svg xmlns=\"http:\/\/www.w3.org\/2000\/svg\" xmlns:xlink=\"http:\/\/www.w3.org\/1999\/xlink\" id=\"Layer_2\" viewBox=\"0 0 411.51 342.11\"><defs><style>.cls-1{fill:none;}.cls-2{fill:url(#linear-gradient);}.cls-3{clip-path:url(#clippath);}<\/style><clipPath id=\"clippath\"><polygon class=\"cls-1\" points=\"303.5 171.06 403.69 0 256.1 0 206.24 88.95 156.39 0 8.31 0 108.01 171.06 0 342.11 149.06 342.11 202.33 258.05 182.6 226.97 190.42 226.97 263.43 342.11 411.51 342.11 303.5 171.06\"><\/polygon><\/clipPath><linearGradient id=\"linear-gradient\" x1=\"-266.68\" y1=\"469.11\" x2=\"-265.68\" y2=\"469.11\" gradientTransform=\"translate(109741.03 193215.01) scale(411.51 -411.51)\" gradientUnits=\"userSpaceOnUse\"><stop offset=\"0\" stop-color=\"#72c16d\"><\/stop><stop offset=\"1\" stop-color=\"#3f7848\"><\/stop><\/linearGradient><\/defs><g id=\"Layer_1-2\"><g class=\"cls-3\"><rect class=\"cls-2\" width=\"411.51\" height=\"342.11\"><\/rect><\/g><\/g><\/svg><\/div>\n\t\t\t\t\t\t<\/span>\n\t\t<\/div>\n\t\t\t\t\t\t<\/div>\n\t\t\t\t<\/div>\n\t\t<div class=\"elementor-element elementor-element-1506d8b e-con-full e-flex e-con e-child\" data-id=\"1506d8b\" data-element_type=\"container\">\n\t\t\t\t<div class=\"elementor-element elementor-element-a196ca8 elementor-widget__width-inherit elementor-widget elementor-widget-jet-headline\" data-id=\"a196ca8\" data-element_type=\"widget\" data-widget_type=\"jet-headline.default\">\n\t\t\t\t<div class=\"elementor-widget-container\">\n\t\t\t\t\t<h3 class=\"jet-headline jet-headline--direction-vertical\"><span class=\"jet-headline__part jet-headline__first headline__part--image-text\"><span class=\"jet-headline__label\">Tienes preguntas?<\/span><\/span><span class=\"jet-headline__part jet-headline__second\"><span class=\"jet-headline__label\">Rellena tus datos y te responderemos en breve<\/span><\/span><\/h3>\t\t\t\t<\/div>\n\t\t\t\t<\/div>\n\t\t\t\t<div class=\"elementor-element elementor-element-3467c72 elementor-button-align-center elementor-mobile-button-align-center elementor-widget elementor-widget-form\" data-id=\"3467c72\" data-element_type=\"widget\" data-settings=\"{&quot;step_next_label&quot;:&quot;Siguiente&quot;,&quot;step_previous_label&quot;:&quot;Anterior&quot;,&quot;button_width&quot;:&quot;100&quot;,&quot;step_type&quot;:&quot;number_text&quot;,&quot;step_icon_shape&quot;:&quot;circle&quot;}\" data-widget_type=\"form.default\">\n\t\t\t\t<div class=\"elementor-widget-container\">\n\t\t\t\t\t\t\t<form class=\"elementor-form\" method=\"post\" name=\"formulario de contacto\" aria-label=\"formulario de contacto\">\n\t\t\t<input type=\"hidden\" name=\"post_id\" value=\"7478\"\/>\n\t\t\t<input type=\"hidden\" name=\"form_id\" value=\"3467c72\"\/>\n\t\t\t<input type=\"hidden\" name=\"referer_title\" value=\"Carbon X -The best cleaning solution for commercial kitchens\" \/>\n\n\t\t\t\n\t\t\t<div class=\"elementor-form-fields-wrapper elementor-labels-\">\n\t\t\t\t\t\t\t\t<div class=\"elementor-field-type-recaptcha_v3 elementor-field-group elementor-column elementor-field-group-field_4e23869 elementor-col-100 recaptcha_v3-bottomright\">\n\t\t\t\t\t<div class=\"elementor-field\" id=\"form-field-field_4e23869\"><div class=\"elementor-g-recaptcha\" data-sitekey=\"6Lehj_gqAAAAABLdlOsHrUfWpy_UyxcxdXsEHHZ3\" data-type=\"v3\" data-action=\"Form\" data-badge=\"bottomright\" data-size=\"invisible\"><\/div><\/div>\t\t\t\t<\/div>\n\t\t\t\t\t\t\t\t<div class=\"elementor-field-type-text elementor-field-group elementor-column elementor-field-group-name elementor-col-50 elementor-field-required\">\n\t\t\t\t\t\t\t\t\t\t\t\t<label for=\"form-field-name\" class=\"elementor-field-label elementor-screen-only\">\n\t\t\t\t\t\t\t\tNombre y apellidos\t\t\t\t\t\t\t<\/label>\n\t\t\t\t\t\t\t\t\t\t\t\t\t\t<input size=\"1\" type=\"text\" name=\"form_fields[name]\" id=\"form-field-name\" class=\"elementor-field elementor-size-sm  elementor-field-textual\" placeholder=\"Nombre completo*.\" required=\"required\">\n\t\t\t\t\t\t\t\t\t\t\t<\/div>\n\t\t\t\t\t\t\t\t<div class=\"elementor-field-type-text elementor-field-group elementor-column elementor-field-group-field_5e63ec7 elementor-col-50\">\n\t\t\t\t\t\t\t\t\t\t\t\t<label for=\"form-field-field_5e63ec7\" class=\"elementor-field-label elementor-screen-only\">\n\t\t\t\t\t\t\t\tEmpresa\t\t\t\t\t\t\t<\/label>\n\t\t\t\t\t\t\t\t\t\t\t\t\t\t<input size=\"1\" type=\"text\" name=\"form_fields[field_5e63ec7]\" id=\"form-field-field_5e63ec7\" class=\"elementor-field elementor-size-sm  elementor-field-textual\" placeholder=\"Empresa\">\n\t\t\t\t\t\t\t\t\t\t\t<\/div>\n\t\t\t\t\t\t\t\t<div class=\"elementor-field-type-tel elementor-field-group elementor-column elementor-field-group-field_f5f1e1b elementor-col-50 elementor-field-required\">\n\t\t\t\t\t\t\t\t\t\t\t\t<label for=\"form-field-field_f5f1e1b\" class=\"elementor-field-label elementor-screen-only\">\n\t\t\t\t\t\t\t\tN\u00famero de tel\u00e9fono\t\t\t\t\t\t\t<\/label>\n\t\t\t\t\t\t\t\t<input size=\"1\" type=\"tel\" name=\"form_fields[field_f5f1e1b]\" id=\"form-field-field_f5f1e1b\" class=\"elementor-field elementor-size-sm  elementor-field-textual\" placeholder=\"N\u00famero de tel\u00e9fono\" required=\"required\" pattern=\"[0-9()#&amp;+*-=.]+\" title=\"Solo se aceptan n\u00fameros y caracteres de tel\u00e9fono (#,-,*,etc).\">\n\n\t\t\t\t\t\t<\/div>\n\t\t\t\t\t\t\t\t<div class=\"elementor-field-type-email elementor-field-group elementor-column elementor-field-group-email elementor-col-50 elementor-field-required\">\n\t\t\t\t\t\t\t\t\t\t\t\t<label for=\"form-field-email\" class=\"elementor-field-label elementor-screen-only\">\n\t\t\t\t\t\t\t\tDirecci\u00f3n de correo electr\u00f3nico\t\t\t\t\t\t\t<\/label>\n\t\t\t\t\t\t\t\t\t\t\t\t\t\t<input size=\"1\" type=\"email\" name=\"form_fields[email]\" id=\"form-field-email\" class=\"elementor-field elementor-size-sm  elementor-field-textual\" placeholder=\"Direcci\u00f3n de correo electr\u00f3nico\" required=\"required\">\n\t\t\t\t\t\t\t\t\t\t\t<\/div>\n\t\t\t\t\t\t\t\t<div class=\"elementor-field-type-textarea elementor-field-group elementor-column elementor-field-group-message elementor-col-100\">\n\t\t\t\t\t\t\t\t\t\t\t\t<label for=\"form-field-message\" class=\"elementor-field-label elementor-screen-only\">\n\t\t\t\t\t\t\t\tMensaje\t\t\t\t\t\t\t<\/label>\n\t\t\t\t\t\t<textarea class=\"elementor-field-textual elementor-field  elementor-size-sm\" name=\"form_fields[message]\" id=\"form-field-message\" rows=\"3\" placeholder=\"Dinos c\u00f3mo podemos ayudarte*.  \"><\/textarea>\t\t\t\t<\/div>\n\t\t\t\t\t\t\t\t<div class=\"elementor-field-group elementor-column elementor-field-type-submit elementor-col-100 e-form__buttons\">\n\t\t\t\t\t<button class=\"elementor-button elementor-size-lg\" type=\"submit\">\n\t\t\t\t\t\t<span class=\"elementor-button-content-wrapper\">\n\t\t\t\t\t\t\t\t\t\t\t\t\t\t\t<span class=\"elementor-button-icon\">\n\t\t\t\t\t\t\t\t\t<i aria-hidden=\"true\" class=\"fal fa-angle-right\"><\/i>\t\t\t\t\t\t\t\t\t\t\t\t\t\t\t\t\t<\/span>\n\t\t\t\t\t\t\t\t\t\t\t\t\t\t\t\t\t\t\t\t\t\t<span class=\"elementor-button-text\">Env\u00eda<\/span>\n\t\t\t\t\t\t\t\t\t\t\t\t\t<\/span>\n\t\t\t\t\t<\/button>\n\t\t\t\t<\/div>\n\t\t\t<\/div>\n\t\t<\/form>\n\t\t\t\t\t\t<\/div>\n\t\t\t\t<\/div>\n\t\t\t\t<\/div>\n\t\t\t\t<\/div>\n\t\t\t\t\t<\/div>\n\t\t\t\t<\/div>\n\t\t\t\t<\/div>\n\t\t","protected":false},"excerpt":{"rendered":"<p>Vis\u00edtanos Env\u00edanos un correo electr\u00f3nico Ll\u00e1manos Tienes preguntas?Rellena tus datos y te responderemos en breve<\/p>\n","protected":false},"author":1,"featured_media":5167,"parent":0,"menu_order":0,"comment_status":"closed","ping_status":"closed","template":"","meta":{"footnotes":"","_links_to":"","_links_to_target":""},"class_list":["post-7478","page","type-page","status-publish","has-post-thumbnail","hentry"],"yoast_head":"<!-- This site is optimized with the Yoast SEO plugin v26.5 - https:\/\/yoast.com\/wordpress\/plugins\/seo\/ -->\n<title>Contacta con nosotros - Carbon X -The best cleaning solution for commercial kitchens<\/title>\n<meta name=\"robots\" content=\"index, follow, max-snippet:-1, max-image-preview:large, max-video-preview:-1\" \/>\n<link rel=\"canonical\" href=\"https:\/\/thecarbonx.com\/es\/contacta-con-nosotros\/\" \/>\n<meta property=\"og:locale\" content=\"es_ES\" \/>\n<meta property=\"og:type\" content=\"article\" \/>\n<meta property=\"og:title\" content=\"Contacta con nosotros - Carbon X -The best cleaning solution for commercial kitchens\" \/>\n<meta property=\"og:description\" content=\"Vis\u00edtanos Env\u00edanos un correo electr\u00f3nico Ll\u00e1manos Tienes preguntas?Rellena tus datos y te responderemos en breve\" \/>\n<meta property=\"og:url\" content=\"https:\/\/thecarbonx.com\/es\/contacta-con-nosotros\/\" \/>\n<meta property=\"og:site_name\" content=\"Carbon X -The best cleaning solution for commercial kitchens\" \/>\n<meta property=\"article:modified_time\" content=\"2025-04-07T11:07:07+00:00\" \/>\n<meta property=\"og:image\" content=\"https:\/\/thecarbonx.com\/wp-content\/uploads\/2025\/02\/a-portrait-of-a-caucasian-female-chef-and-her-team-of-chefs-in-the-backgroiund-.jpg\" \/>\n\t<meta property=\"og:image:width\" content=\"2000\" \/>\n\t<meta property=\"og:image:height\" content=\"1333\" \/>\n\t<meta property=\"og:image:type\" content=\"image\/jpeg\" \/>\n<meta name=\"twitter:card\" content=\"summary_large_image\" \/>\n<script type=\"application\/ld+json\" class=\"yoast-schema-graph\">{\"@context\":\"https:\/\/schema.org\",\"@graph\":[{\"@type\":\"WebPage\",\"@id\":\"https:\/\/thecarbonx.com\/es\/contacta-con-nosotros\/\",\"url\":\"https:\/\/thecarbonx.com\/es\/contacta-con-nosotros\/\",\"name\":\"Contacta con nosotros - Carbon X -The best cleaning solution for commercial kitchens\",\"isPartOf\":{\"@id\":\"https:\/\/thecarbonx.com\/es\/#website\"},\"primaryImageOfPage\":{\"@id\":\"https:\/\/thecarbonx.com\/es\/contacta-con-nosotros\/#primaryimage\"},\"image\":{\"@id\":\"https:\/\/thecarbonx.com\/es\/contacta-con-nosotros\/#primaryimage\"},\"thumbnailUrl\":\"https:\/\/thecarbonx.com\/wp-content\/uploads\/2025\/02\/a-portrait-of-a-caucasian-female-chef-and-her-team-of-chefs-in-the-backgroiund-.jpg\",\"datePublished\":\"2020-08-22T07:48:51+00:00\",\"dateModified\":\"2025-04-07T11:07:07+00:00\",\"breadcrumb\":{\"@id\":\"https:\/\/thecarbonx.com\/es\/contacta-con-nosotros\/#breadcrumb\"},\"inLanguage\":\"es\",\"potentialAction\":[{\"@type\":\"ReadAction\",\"target\":[\"https:\/\/thecarbonx.com\/es\/contacta-con-nosotros\/\"]}]},{\"@type\":\"ImageObject\",\"inLanguage\":\"es\",\"@id\":\"https:\/\/thecarbonx.com\/es\/contacta-con-nosotros\/#primaryimage\",\"url\":\"https:\/\/thecarbonx.com\/wp-content\/uploads\/2025\/02\/a-portrait-of-a-caucasian-female-chef-and-her-team-of-chefs-in-the-backgroiund-.jpg\",\"contentUrl\":\"https:\/\/thecarbonx.com\/wp-content\/uploads\/2025\/02\/a-portrait-of-a-caucasian-female-chef-and-her-team-of-chefs-in-the-backgroiund-.jpg\",\"width\":2000,\"height\":1333,\"caption\":\"A portrait of a caucasian female chef and her team of chefs in the backgroiund.\"},{\"@type\":\"BreadcrumbList\",\"@id\":\"https:\/\/thecarbonx.com\/es\/contacta-con-nosotros\/#breadcrumb\",\"itemListElement\":[{\"@type\":\"ListItem\",\"position\":1,\"name\":\"Home\",\"item\":\"https:\/\/thecarbonx.com\/es\/inicio\/\"},{\"@type\":\"ListItem\",\"position\":2,\"name\":\"Contacta con nosotros\"}]},{\"@type\":\"WebSite\",\"@id\":\"https:\/\/thecarbonx.com\/es\/#website\",\"url\":\"https:\/\/thecarbonx.com\/es\/\",\"name\":\"Carbon X -The best cleaning solution for commercial kitchens\",\"description\":\"Carbon X\",\"publisher\":{\"@id\":\"https:\/\/thecarbonx.com\/es\/#organization\"},\"potentialAction\":[{\"@type\":\"SearchAction\",\"target\":{\"@type\":\"EntryPoint\",\"urlTemplate\":\"https:\/\/thecarbonx.com\/es\/?s={search_term_string}\"},\"query-input\":{\"@type\":\"PropertyValueSpecification\",\"valueRequired\":true,\"valueName\":\"search_term_string\"}}],\"inLanguage\":\"es\"},{\"@type\":\"Organization\",\"@id\":\"https:\/\/thecarbonx.com\/es\/#organization\",\"name\":\"Carbon X -The best cleaning solution for commercial kitchens\",\"url\":\"https:\/\/thecarbonx.com\/es\/\",\"logo\":{\"@type\":\"ImageObject\",\"inLanguage\":\"es\",\"@id\":\"https:\/\/thecarbonx.com\/es\/#\/schema\/logo\/image\/\",\"url\":\"https:\/\/thecarbonx.com\/wp-content\/uploads\/2025\/01\/logoneww-1.png\",\"contentUrl\":\"https:\/\/thecarbonx.com\/wp-content\/uploads\/2025\/01\/logoneww-1.png\",\"width\":220,\"height\":160,\"caption\":\"Carbon X -The best cleaning solution for commercial kitchens\"},\"image\":{\"@id\":\"https:\/\/thecarbonx.com\/es\/#\/schema\/logo\/image\/\"}}]}<\/script>\n<!-- \/ Yoast SEO plugin. -->","yoast_head_json":{"title":"Contacta con nosotros - Carbon X -The best cleaning solution for commercial kitchens","robots":{"index":"index","follow":"follow","max-snippet":"max-snippet:-1","max-image-preview":"max-image-preview:large","max-video-preview":"max-video-preview:-1"},"canonical":"https:\/\/thecarbonx.com\/es\/contacta-con-nosotros\/","og_locale":"es_ES","og_type":"article","og_title":"Contacta con nosotros - Carbon X -The best cleaning solution for commercial kitchens","og_description":"Vis\u00edtanos Env\u00edanos un correo electr\u00f3nico Ll\u00e1manos Tienes preguntas?Rellena tus datos y te responderemos en breve","og_url":"https:\/\/thecarbonx.com\/es\/contacta-con-nosotros\/","og_site_name":"Carbon X -The best cleaning solution for commercial kitchens","article_modified_time":"2025-04-07T11:07:07+00:00","og_image":[{"width":2000,"height":1333,"url":"https:\/\/thecarbonx.com\/wp-content\/uploads\/2025\/02\/a-portrait-of-a-caucasian-female-chef-and-her-team-of-chefs-in-the-backgroiund-.jpg","type":"image\/jpeg"}],"twitter_card":"summary_large_image","schema":{"@context":"https:\/\/schema.org","@graph":[{"@type":"WebPage","@id":"https:\/\/thecarbonx.com\/es\/contacta-con-nosotros\/","url":"https:\/\/thecarbonx.com\/es\/contacta-con-nosotros\/","name":"Contacta con nosotros - Carbon X -The best cleaning solution for commercial kitchens","isPartOf":{"@id":"https:\/\/thecarbonx.com\/es\/#website"},"primaryImageOfPage":{"@id":"https:\/\/thecarbonx.com\/es\/contacta-con-nosotros\/#primaryimage"},"image":{"@id":"https:\/\/thecarbonx.com\/es\/contacta-con-nosotros\/#primaryimage"},"thumbnailUrl":"https:\/\/thecarbonx.com\/wp-content\/uploads\/2025\/02\/a-portrait-of-a-caucasian-female-chef-and-her-team-of-chefs-in-the-backgroiund-.jpg","datePublished":"2020-08-22T07:48:51+00:00","dateModified":"2025-04-07T11:07:07+00:00","breadcrumb":{"@id":"https:\/\/thecarbonx.com\/es\/contacta-con-nosotros\/#breadcrumb"},"inLanguage":"es","potentialAction":[{"@type":"ReadAction","target":["https:\/\/thecarbonx.com\/es\/contacta-con-nosotros\/"]}]},{"@type":"ImageObject","inLanguage":"es","@id":"https:\/\/thecarbonx.com\/es\/contacta-con-nosotros\/#primaryimage","url":"https:\/\/thecarbonx.com\/wp-content\/uploads\/2025\/02\/a-portrait-of-a-caucasian-female-chef-and-her-team-of-chefs-in-the-backgroiund-.jpg","contentUrl":"https:\/\/thecarbonx.com\/wp-content\/uploads\/2025\/02\/a-portrait-of-a-caucasian-female-chef-and-her-team-of-chefs-in-the-backgroiund-.jpg","width":2000,"height":1333,"caption":"A portrait of a caucasian female chef and her team of chefs in the backgroiund."},{"@type":"BreadcrumbList","@id":"https:\/\/thecarbonx.com\/es\/contacta-con-nosotros\/#breadcrumb","itemListElement":[{"@type":"ListItem","position":1,"name":"Home","item":"https:\/\/thecarbonx.com\/es\/inicio\/"},{"@type":"ListItem","position":2,"name":"Contacta con nosotros"}]},{"@type":"WebSite","@id":"https:\/\/thecarbonx.com\/es\/#website","url":"https:\/\/thecarbonx.com\/es\/","name":"Carbon X -The best cleaning solution for commercial kitchens","description":"Carbon X","publisher":{"@id":"https:\/\/thecarbonx.com\/es\/#organization"},"potentialAction":[{"@type":"SearchAction","target":{"@type":"EntryPoint","urlTemplate":"https:\/\/thecarbonx.com\/es\/?s={search_term_string}"},"query-input":{"@type":"PropertyValueSpecification","valueRequired":true,"valueName":"search_term_string"}}],"inLanguage":"es"},{"@type":"Organization","@id":"https:\/\/thecarbonx.com\/es\/#organization","name":"Carbon X -The best cleaning solution for commercial kitchens","url":"https:\/\/thecarbonx.com\/es\/","logo":{"@type":"ImageObject","inLanguage":"es","@id":"https:\/\/thecarbonx.com\/es\/#\/schema\/logo\/image\/","url":"https:\/\/thecarbonx.com\/wp-content\/uploads\/2025\/01\/logoneww-1.png","contentUrl":"https:\/\/thecarbonx.com\/wp-content\/uploads\/2025\/01\/logoneww-1.png","width":220,"height":160,"caption":"Carbon X -The best cleaning solution for commercial kitchens"},"image":{"@id":"https:\/\/thecarbonx.com\/es\/#\/schema\/logo\/image\/"}}]}},"_links":{"self":[{"href":"https:\/\/thecarbonx.com\/es\/wp-json\/wp\/v2\/pages\/7478","targetHints":{"allow":["GET"]}}],"collection":[{"href":"https:\/\/thecarbonx.com\/es\/wp-json\/wp\/v2\/pages"}],"about":[{"href":"https:\/\/thecarbonx.com\/es\/wp-json\/wp\/v2\/types\/page"}],"author":[{"embeddable":true,"href":"https:\/\/thecarbonx.com\/es\/wp-json\/wp\/v2\/users\/1"}],"replies":[{"embeddable":true,"href":"https:\/\/thecarbonx.com\/es\/wp-json\/wp\/v2\/comments?post=7478"}],"version-history":[{"count":3,"href":"https:\/\/thecarbonx.com\/es\/wp-json\/wp\/v2\/pages\/7478\/revisions"}],"predecessor-version":[{"id":7561,"href":"https:\/\/thecarbonx.com\/es\/wp-json\/wp\/v2\/pages\/7478\/revisions\/7561"}],"wp:featuredmedia":[{"embeddable":true,"href":"https:\/\/thecarbonx.com\/es\/wp-json\/wp\/v2\/media\/5167"}],"wp:attachment":[{"href":"https:\/\/thecarbonx.com\/es\/wp-json\/wp\/v2\/media?parent=7478"}],"curies":[{"name":"wp","href":"https:\/\/api.w.org\/{rel}","templated":true}]}}